{"id":4485,"date":"2021-04-05T10:29:22","date_gmt":"2021-04-05T08:29:22","guid":{"rendered":"https:\/\/www.flomi.it\/?page_id=4485"},"modified":"2021-08-21T20:20:08","modified_gmt":"2021-08-21T18:20:08","slug":"our-specials","status":"publish","type":"page","link":"https:\/\/www.flomi.it\/en\/our-specials\/","title":{"rendered":"Our specials"},"content":{"rendered":"\n<p>Tutti i capi Flom\u00ec sono pezzi unici&#8230; ma questi lo sono ancora di pi\u00f9!<\/p>\n\n\n\n<p>Nella sezione ___, da oggi troverai capi gi\u00e0 confezionati pronti per essere acquistati.&nbsp;Da dove nascono? Dalla nostra fantasia, dal nostro amore e dall&#8217;incapacit\u00e0 di star ferme&nbsp;\ud83e\udd70&nbsp;<\/p>\n\n\n\n<p>Il processo creativo che accompagna ogni creazione non \u00e8 fatto solo di schizzi su fogli di carta e prototipi online. Ogni volta che immaginiamo un capo abbiamo bisogno di realizzarlo per toccarlo con mano, analizzare la resa del tessuto e di tutti i dettagli che lo compongono.<\/p>\n\n\n\n<p>Produciamo soltanto una taglia, in modo da non creare eccessi, ma se vedi un capo che ti piace e ci indichi la tua taglia&#8230; sar\u00e0 presto a casa tua!<\/p>\n\n\n\n<p>Non sei convinta al 100%? Su ogni capo \u00e8 possibile attivare la procedura di reso.<\/p>\n\n\n\n<p>Scopri subito se c&#8217;\u00e8 qualcosa che ti piace e tieni d&#8217;occhio il sito, aggiorneremo la pagina periodicamente.<\/p>\n","protected":false},"excerpt":{"rendered":"<p>Tutti i capi Flom\u00ec sono pezzi unici&#8230; ma questi lo sono ancora di pi\u00f9! Nella sezione ___, da oggi troverai capi gi\u00e0 confezionati pronti per essere acquistati.&nbsp;Da dove nascono? Dalla nostra fantasia, dal nostro amore e dall&#8217;incapacit\u00e0 di star ferme&nbsp;\ud83e\udd70&nbsp; Il processo creativo che accompagna ogni creazione non \u00e8 fatto solo di schizzi su fogli [&#8230;]<\/p>\n<p><a class=\"btn btn-secondary understrap-read-more-link\" href=\"https:\/\/www.flomi.it\/en\/our-specials\/\">Read More&#8230;<\/a><\/p>\n","protected":false},"author":1,"featured_media":0,"parent":0,"menu_order":0,"comment_status":"closed","ping_status":"closed","template":"","meta":[],"acf":[],"_links":{"self":[{"href":"https:\/\/www.flomi.it\/en\/wp-json\/wp\/v2\/pages\/4485\/"}],"collection":[{"href":"https:\/\/www.flomi.it\/en\/wp-json\/wp\/v2\/pages\/"}],"about":[{"href":"https:\/\/www.flomi.it\/en\/wp-json\/wp\/v2\/types\/page\/"}],"author":[{"embeddable":true,"href":"https:\/\/www.flomi.it\/en\/wp-json\/wp\/v2\/users\/1\/"}],"replies":[{"embeddable":true,"href":"https:\/\/www.flomi.it\/en\/wp-json\/wp\/v2\/comments\/?post=4485"}],"version-history":[{"count":2,"href":"https:\/\/www.flomi.it\/en\/wp-json\/wp\/v2\/pages\/4485\/revisions\/"}],"predecessor-version":[{"id":5113,"href":"https:\/\/www.flomi.it\/en\/wp-json\/wp\/v2\/pages\/4485\/revisions\/5113\/"}],"wp:attachment":[{"href":"https:\/\/www.flomi.it\/en\/wp-json\/wp\/v2\/media\/?parent=4485"}],"curies":[{"name":"wp","href":"https:\/\/api.w.org\/{rel}","templated":true}]}}