{"id":3789,"date":"2021-03-13T12:38:25","date_gmt":"2021-03-13T11:38:25","guid":{"rendered":"https:\/\/flomi_new.test\/?page_id=3789"},"modified":"2021-03-24T08:53:15","modified_gmt":"2021-03-24T07:53:15","slug":"pronto-vendita","status":"publish","type":"page","link":"https:\/\/www.flomi.it\/it\/pronto-vendita\/","title":{"rendered":"Our specials"},"content":{"rendered":"\n<p>Tutti i capi Flom\u00ec sono pezzi unici&#8230; ma questi lo sono ancora di pi\u00f9!<br><br>Nella sezione ___, da oggi troverai capi gi\u00e0 confezionati pronti per essere acquistati.\u00a0Da dove nascono? Dalla nostra fantasia, dal nostro amore e dall&#8217;incapacit\u00e0 di star ferme\u00a0\ud83e\udd70\u00a0<br><br>Il processo creativo che accompagna ogni creazione non \u00e8 fatto solo di schizzi su fogli di carta e prototipi online. Ogni volta che immaginiamo un capo abbiamo bisogno di realizzarlo per toccarlo con mano, analizzare la resa del tessuto e di tutti i dettagli che lo compongono.<br><br>Produciamo soltanto una taglia, in modo da non creare eccessi, ma se vedi un capo che ti piace e ci indichi la tua taglia&#8230; sar\u00e0 presto a casa tua!<br><br>Non sei convinta al 100%? Su ogni capo \u00e8 possibile attivare la procedura di reso.<br><br>Scopri subito se c&#8217;\u00e8 qualcosa che ti piace e tieni d&#8217;occhio il sito, aggiorneremo la pagina periodicamente.<\/p>\n","protected":false},"excerpt":{"rendered":"<p>Tutti i capi Flom\u00ec sono pezzi unici&#8230; ma questi lo sono ancora di pi\u00f9! Nella sezione ___, da oggi troverai capi gi\u00e0 confezionati pronti per essere acquistati.\u00a0Da dove nascono? Dalla nostra fantasia, dal nostro amore e dall&#8217;incapacit\u00e0 di star ferme\u00a0\ud83e\udd70\u00a0 Il processo creativo che accompagna ogni creazione non \u00e8 fatto solo di schizzi su fogli [&#8230;]<\/p>\n<p><a class=\"btn btn-secondary understrap-read-more-link\" href=\"https:\/\/www.flomi.it\/it\/pronto-vendita\/\">Leggi di pi\u00f9&#8230;<\/a><\/p>\n","protected":false},"author":1,"featured_media":0,"parent":0,"menu_order":0,"comment_status":"closed","ping_status":"closed","template":"","meta":[],"acf":[],"_links":{"self":[{"href":"https:\/\/www.flomi.it\/it\/wp-json\/wp\/v2\/pages\/3789\/"}],"collection":[{"href":"https:\/\/www.flomi.it\/it\/wp-json\/wp\/v2\/pages\/"}],"about":[{"href":"https:\/\/www.flomi.it\/it\/wp-json\/wp\/v2\/types\/page\/"}],"author":[{"embeddable":true,"href":"https:\/\/www.flomi.it\/it\/wp-json\/wp\/v2\/users\/1\/"}],"replies":[{"embeddable":true,"href":"https:\/\/www.flomi.it\/it\/wp-json\/wp\/v2\/comments\/?post=3789"}],"version-history":[{"count":2,"href":"https:\/\/www.flomi.it\/it\/wp-json\/wp\/v2\/pages\/3789\/revisions\/"}],"predecessor-version":[{"id":4328,"href":"https:\/\/www.flomi.it\/it\/wp-json\/wp\/v2\/pages\/3789\/revisions\/4328\/"}],"wp:attachment":[{"href":"https:\/\/www.flomi.it\/it\/wp-json\/wp\/v2\/media\/?parent=3789"}],"curies":[{"name":"wp","href":"https:\/\/api.w.org\/{rel}","templated":true}]}}