{"id":55,"date":"2018-11-03T16:09:33","date_gmt":"2018-11-03T15:09:33","guid":{"rendered":"https:\/\/www.flomi.it\/?page_id=55"},"modified":"2019-11-22T20:40:44","modified_gmt":"2019-11-22T19:40:44","slug":"politiche-di-restituzione","status":"publish","type":"page","link":"https:\/\/www.flomi.it\/it\/politiche-di-restituzione\/","title":{"rendered":"Politiche di restituzione"},"content":{"rendered":"\n<p>Una volta concluso l\u2019ordine, il capo sar\u00e0 realizzato e recapitato direttamente all&#8217;indirizzo fornito dal Cliente.<\/p>\n\n\n\n<p>I nostri prodotti hanno un tempo di realizzazione e consegna di 12 giorni lavorativi salvo problematiche di spedizione non da imputarsi a Flom\u00ec. Eventuali ritardi saranno tempestivamente comunicati.<\/p>\n\n\n\n<p><strong>Come avviene la spedizione?<\/strong><\/p>\n\n\n\n<p>Flom\u00ec spedisce ovunque nel mondo entro 30 giorni dalla Conferma d\u2019ordine* tramite corriere espresso (SDA) all\u2019indirizzo indicato dal Cliente al momento dell&#8217;ordine.<\/p>\n\n\n\n<p>La spedizione, compresa di eventuali dazi doganali, \u00e8 sempre gratuita.<\/p>\n\n\n\n<p>Appena l\u2019ordine sar\u00e0 preso in carico il cliente ricever\u00e0 una e-mail con il nome del corriere che ha preso in carico la sua spedizione e le informazioni per il tracking online; sar\u00e0 quindi possibile seguire lo stato della spedizione tramite il sito del corriere indicato.<\/p>\n\n\n\n<p>Dal momento della spedizione la consegna avverr\u00e0 in:<\/p>\n\n\n\n<ul><li>24\/48 ore per le spedizioni nel territorio italiano (Per Basilicata, Campania, Calabria, Puglia e isole la consegna potrebbe richiedere un giorno aggiuntivo);<\/li><li>2\/3 giorni lavorativi per le spedizioni al di fuori del territorio italiano per i paesi all&#8217;interno della comunit\u00e0 europea;<\/li><li>3\/5 giorni lavorativi per le spedizioni al di fuori della comunit\u00e0 europea.<\/li><\/ul>\n\n\n\n<p>I giorni lavorativi sono dal luned\u00ec al venerd\u00ec.<\/p>\n\n\n\n<p>* La data di spedizione varia a seconda dei tempi di produzione. Gli intervalli di tempo indicati in precedenza potrebbero subire variazioni in caso di festivit\u00e0 nazionali. Nei periodi di festivit\u00e0 nazionale potrebbero esserci eventuali ritardi dovuti alla chiusura della sede.&nbsp;<\/p>\n\n\n\n<p>Non ho ancora ricevuto il mio ordine. Cosa devo fare?<\/p>\n\n\n\n<p>Se l&#8217;ordine non \u00e8 stato spedito entro i tempi previsti e non hai ricevuto nessuna comunicazione sullo stato dell&#8217;ordine, ti suggeriamo di:<\/p>\n\n\n\n<ul><li>contattaci all\u2019indirizzo info@flomi.it saremo pronti ad aiutarti.<\/li><\/ul>\n\n\n\n<p>ACCESSORI<\/p>\n\n\n\n<p>I prodotti partiranno mediante corriere SDA con tempistiche come descritto sopra, il giorno successivo all&#8217;ordine. <\/p>\n\n\n\n<p><\/p>\n\n\n\n<p><strong>Recesso<\/strong><\/p>\n\n\n\n<p>Per gli ordini realizzati su misura e completamente personalizzati vige l\u2019art. 59 lettera c) del Codice del Consumo (\u201cEccezioni al diritto di recesso\u201d) in deroga agli articoli dal 52 al 58 dello stesso Codice.<\/p>\n\n\n\n<p>Per garantire un elevato servizio, Flom\u00ec prevede il recesso dall\u2019acquisto, qualora il capo confezionato presenti: imperfezioni strutturali, problematiche di vestibilit\u00e0 o impossibilit\u00e0 di modifiche. Flom\u00ec prevede il rimborso di quanto pagato a seguito dell&#8217;adempimento delle condizioni elencate nella sezione Resi e rimborsi.<\/p>\n\n\n\n<p>Saranno accettati soltanto capi non utilizzati e non danneggiati. Flom\u00ec si riserva il diritto di rifiutare di eseguire il rimborso nel caso in cui il capo presenti evidenti segni di utilizzo o di danneggiamento. Non saranno accettati capi che siano stati modificati in alcun modo.<\/p>\n\n\n\n<p>Per ottenere il rimborso \u00e8 necessario procedere come segue:<\/p>\n\n\n\n<ol><li>Richiedere alla mail info@flomi.it il file da compilare per richiedere il rimborso, ed inviarlo a mezzo e-mail allo stesso indirizzo, allegando 3 foto del capo indossato (visto di fronte, di lato, dietro) in modo che sia visibile il difetto.<\/li><li>Il reclamo viene visionato e approvato dallo staff Flom\u00ec, che provveder\u00e0 a comunicare al cliente l\u2019eventuale approvazione.<\/li><li>Il capo da rendere deve essere inscatolato nell\u2019imballaggio originale, insieme al documento della richiesta di rimborso. Il ritiro sar\u00e0 a carico di Flom\u00ec, da concordare con il cliente il luogo e data di ritiro. &nbsp;&nbsp;<\/li><li>Entro 7 giorni lavorativi dal ricevimento del capo verr\u00e0 riaccreditato l\u2019importo con lo stesso metodo di pagamento utilizzato al momento dell\u2019acquisto qualora possibile (Carta di Credito su sito web, PayPal). Diversamente, il cliente dovr\u00e0 comunicare all\u2019interno del Modulo di Reso le coordinate bancarie su cui desidera ricevere il rimborso.<\/li><\/ol>\n\n\n\n<p>Qualunque spedizione che non rispetti le condizioni precedenti sar\u00e0 rispedita al mittente senza l&#8217;emissione di alcun rimborso.<\/p>\n\n\n\n<p>Ricordiamo inoltre che:<\/p>\n\n\n\n<ul><li>L&#8217;oggetto deve essere restituito integro (ossia non usato e completo di tutti gli imballi e accessori originali) insieme al Modulo di Reso approvato.<\/li><li>Per i resi internazionali, chiediamo di indicare il contenuto come &#8216;Reso&#8217; dichiarando il valore di 1 EURO. Tutti i costi di spedizione ed eventuali costi doganali saranno a carico di Flom\u00ec.<\/li><\/ul>\n\n\n\n<p>Soddisfatte le sopra riportate condizioni, l&#8217;acquirente ha diritto ad essere rimborsato dell&#8217;intero importo. Coupon o Buoni Sconto utilizzati per acquistare il capo saranno sostituiti con nuovi Coupon o Buoni Sconto da utilizzare per altri acquisti.&nbsp;<\/p>\n\n\n\n<p>NON VERRANNO ACCETTATI RESI SENZA PREVIA COMUNICAZIONE TRAMITE EMAIL A&nbsp;<\/p>\n\n\n\n<p>info@flomi.it&nbsp;<\/p>\n\n\n\n<p>Grazie per la gentile collaborazione.<\/p>\n\n\n\n<p>ACCESSORI<\/p>\n\n\n\n<p>Qualora il prodotto non soddisfi, scrivi a info@flomi.it per avviare la procedura di reso.<\/p>\n\n\n\n<p>Le spese di reso per la categoria accessori sono a carico del cliente.<\/p>\n\n\n\n<p><strong>Modifiche e rimborsi<\/strong><\/p>\n\n\n\n<p>Siamo certi che il tuo capo personalizzato ti vestir\u00e0 alla perfezione ma nel caso in cui ci fossero delle modifiche da apportare, avrai a disposizione un servizio post-vendita puntuale e attento che ti garantir\u00e0 il fit ideale.<\/p>\n\n\n\n<p>Qualsiasi segnalazione (difetti di vestibilit\u00e0, imperfezioni o altro) deve pervenire al nostro servizio clienti entro 30 giorni dalla ricezione del capo. Qualora la segnalazione avvenga oltre i 30 giorni, eventuali interventi saranno a carico del cliente.<\/p>\n\n\n\n<p><strong>Modifiche Sartoriali<\/strong><\/p>\n\n\n\n<p>Se senti che il tuo capo ha bisogno di piccoli aggiustamenti* puoi inviarci il capo, richiedendo il nostro intervento alla mail info@flomi.it oppure puoi rivolgerti al tuo sarto di fiducia. Ti rimborseremo il totale di quanto speso per la modifica (fino a 75\u20ac) o il doppio in forma di buono da usare per i tuoi prossimi acquisti.<\/p>\n\n\n\n<p>* Aggiustamenti:<\/p>\n\n\n\n<p>1. accorciare la manica<\/p>\n\n\n\n<p>2. accorciare il corpo giacca<\/p>\n\n\n\n<p>3. attaccare i bottoni<\/p>\n\n\n\n<p>4. riparare forature della fodera<\/p>\n\n\n\n<p>4. sostituire etichetta logo<\/p>\n\n\n\n<p>5. aggiustare spalle<\/p>\n\n\n\n<p><strong>Riconfezionamenti gratuiti<\/strong><\/p>\n\n\n\n<p>Qualora il tuo sarto non ritenesse possibile effettuare le modifiche al tuo capo, e queste modifiche fossero superiori a quelle elencate nella lista degli aggiustamenti Flom\u00ec te lo ri-confezioner\u00e0 ex novo.<\/p>\n\n\n\n<p><strong>Resi e recessi<\/strong><\/p>\n\n\n\n<p>Se non sei completamente soddisfatto del tuo ordine, puoi richiedere un rimborso totale seguendo le nostre politiche di recesso.<br><\/p>\n","protected":false},"excerpt":{"rendered":"<p>Una volta concluso l\u2019ordine, il capo sar\u00e0 realizzato e recapitato direttamente all&#8217;indirizzo fornito dal Cliente. I nostri prodotti hanno un tempo di realizzazione e consegna di 12 giorni lavorativi salvo problematiche di spedizione non da imputarsi a Flom\u00ec. Eventuali ritardi saranno tempestivamente comunicati. Come avviene la spedizione? Flom\u00ec spedisce ovunque nel mondo entro 30 giorni [&#8230;]<\/p>\n<p><a class=\"btn btn-secondary understrap-read-more-link\" href=\"https:\/\/www.flomi.it\/it\/politiche-di-restituzione\/\">Leggi di pi\u00f9&#8230;<\/a><\/p>\n","protected":false},"author":1,"featured_media":0,"parent":0,"menu_order":0,"comment_status":"closed","ping_status":"closed","template":"","meta":[],"acf":[],"_links":{"self":[{"href":"https:\/\/www.flomi.it\/it\/wp-json\/wp\/v2\/pages\/55\/"}],"collection":[{"href":"https:\/\/www.flomi.it\/it\/wp-json\/wp\/v2\/pages\/"}],"about":[{"href":"https:\/\/www.flomi.it\/it\/wp-json\/wp\/v2\/types\/page\/"}],"author":[{"embeddable":true,"href":"https:\/\/www.flomi.it\/it\/wp-json\/wp\/v2\/users\/1\/"}],"replies":[{"embeddable":true,"href":"https:\/\/www.flomi.it\/it\/wp-json\/wp\/v2\/comments\/?post=55"}],"version-history":[{"count":6,"href":"https:\/\/www.flomi.it\/it\/wp-json\/wp\/v2\/pages\/55\/revisions\/"}],"predecessor-version":[{"id":2355,"href":"https:\/\/www.flomi.it\/it\/wp-json\/wp\/v2\/pages\/55\/revisions\/2355\/"}],"wp:attachment":[{"href":"https:\/\/www.flomi.it\/it\/wp-json\/wp\/v2\/media\/?parent=55"}],"curies":[{"name":"wp","href":"https:\/\/api.w.org\/{rel}","templated":true}]}}