{"id":12090,"date":"2025-04-01T12:21:50","date_gmt":"2025-04-01T10:21:50","guid":{"rendered":"https:\/\/www.flomi.it\/?post_type=product&#038;p=12090"},"modified":"2026-04-08T18:23:25","modified_gmt":"2026-04-08T16:23:25","slug":"iole-flowers-jacquard","status":"publish","type":"product","link":"https:\/\/www.flomi.it\/it\/prodotto\/iole-flowers-jacquard\/","title":{"rendered":"Iole &#8211;  flowers jacquard"},"content":{"rendered":"","protected":false},"excerpt":{"rendered":"<p>Top smanicato con allacciatura laterale, sono presenti due punti allacciatura per ogni fianco, per rendere il capo facilmente adattabile alle varie fisicit\u00e0 e desideri di stile. L&#8217;apertura dello scollo \u00e8 ideale per indossarlo. Il materiale speciale con cui \u00e8 realizzato \u00e8 semi-fluido, morbido e leggero. Interno foderato in viscosa in tono.<\/p>\n<p>Realizzato per durare nel tempo, rimarr\u00e0 per anni un capo saldo del tuo armadio.<\/p>\n<p>La nostra modella Irene \u00e8 alta 1,70 cm e indossa una taglia S\/M.<\/p>\n<p>Vorresti questo modello in un tessuto o colore differente scrivici a info@flomi.it, lo realizzeremo per te. [&#8230;]<\/p>\n<p><a class=\"btn btn-secondary understrap-read-more-link\" href=\"https:\/\/www.flomi.it\/it\/prodotto\/iole-flowers-jacquard\/\">Leggi di pi\u00f9&#8230;<\/a><\/p>\n","protected":false},"featured_media":11929,"template":"","meta":[],"product_cat":[127,123],"product_tag":[],"acf":[],"_links":{"self":[{"href":"https:\/\/www.flomi.it\/it\/wp-json\/wp\/v2\/product\/12090\/"}],"collection":[{"href":"https:\/\/www.flomi.it\/it\/wp-json\/wp\/v2\/product\/"}],"about":[{"href":"https:\/\/www.flomi.it\/it\/wp-json\/wp\/v2\/types\/product\/"}],"wp:featuredmedia":[{"embeddable":true,"href":"https:\/\/www.flomi.it\/it\/wp-json\/wp\/v2\/media\/11929\/"}],"wp:attachment":[{"href":"https:\/\/www.flomi.it\/it\/wp-json\/wp\/v2\/media\/?parent=12090"}],"wp:term":[{"taxonomy":"product_cat","embeddable":true,"href":"https:\/\/www.flomi.it\/it\/wp-json\/wp\/v2\/product_cat\/?post=12090"},{"taxonomy":"product_tag","embeddable":true,"href":"https:\/\/www.flomi.it\/it\/wp-json\/wp\/v2\/product_tag\/?post=12090"}],"curies":[{"name":"wp","href":"https:\/\/api.w.org\/{rel}","templated":true}]}}