{"id":12106,"date":"2025-04-02T08:41:03","date_gmt":"2025-04-02T06:41:03","guid":{"rendered":"https:\/\/www.flomi.it\/?post_type=product&#038;p=12106"},"modified":"2026-04-08T18:23:12","modified_gmt":"2026-04-08T16:23:12","slug":"iole-double-silk-organza","status":"publish","type":"product","link":"https:\/\/www.flomi.it\/it\/prodotto\/iole-double-silk-organza\/","title":{"rendered":"Iole- double silk organza"},"content":{"rendered":"","protected":false},"excerpt":{"rendered":"<p>Top smanicato con allacciatura laterale, sono presenti due punti allacciatura per ogni fianco, per rendere il capo facilmente adattabile alle varie fisicit\u00e0 e desideri di stile. L&#8217;apertura dello scollo \u00e8 ideale per indossarlo. Il materiale speciale con cui \u00e8 realizzato dona al capo una struttura semi-rigida, molto piacevole da indossare. Interno foderato in viscosa in tono.<\/p>\n<p>Realizzato per durare nel tempo, rimarr\u00e0 per anni un capo saldo del tuo armadio.<\/p>\n<p>La nostra modella Irene \u00e8 alta 1,70 cm e indossa una taglia S\/M.<\/p>\n<p>Vorresti questo modello in un tessuto o colore differente scrivici a info@flomi.it, lo realizzeremo per te. [&#8230;]<\/p>\n<p><a class=\"btn btn-secondary understrap-read-more-link\" href=\"https:\/\/www.flomi.it\/it\/prodotto\/iole-double-silk-organza\/\">Leggi di pi\u00f9&#8230;<\/a><\/p>\n","protected":false},"featured_media":11925,"template":"","meta":[],"product_cat":[127,123],"product_tag":[],"acf":[],"_links":{"self":[{"href":"https:\/\/www.flomi.it\/it\/wp-json\/wp\/v2\/product\/12106\/"}],"collection":[{"href":"https:\/\/www.flomi.it\/it\/wp-json\/wp\/v2\/product\/"}],"about":[{"href":"https:\/\/www.flomi.it\/it\/wp-json\/wp\/v2\/types\/product\/"}],"wp:featuredmedia":[{"embeddable":true,"href":"https:\/\/www.flomi.it\/it\/wp-json\/wp\/v2\/media\/11925\/"}],"wp:attachment":[{"href":"https:\/\/www.flomi.it\/it\/wp-json\/wp\/v2\/media\/?parent=12106"}],"wp:term":[{"taxonomy":"product_cat","embeddable":true,"href":"https:\/\/www.flomi.it\/it\/wp-json\/wp\/v2\/product_cat\/?post=12106"},{"taxonomy":"product_tag","embeddable":true,"href":"https:\/\/www.flomi.it\/it\/wp-json\/wp\/v2\/product_tag\/?post=12106"}],"curies":[{"name":"wp","href":"https:\/\/api.w.org\/{rel}","templated":true}]}}