{"id":1252,"date":"2019-06-02T20:25:35","date_gmt":"2019-06-02T18:25:35","guid":{"rendered":"https:\/\/www.flomi.it\/?post_type=product&#038;p=1252"},"modified":"2023-11-13T03:58:13","modified_gmt":"2023-11-13T02:58:13","slug":"adele","status":"publish","type":"product","link":"https:\/\/www.flomi.it\/it\/prodotto\/adele\/","title":{"rendered":"ADELE"},"content":{"rendered":"<p>Adele \u00e8 un blazer personalizzabile con vestibilit\u00e0 regolare. Nella lunghezza 90 cm pu\u00f2 essere utilizzato come un mini abito.<br \/>\nScegli i tuoi dettagli preferiti per avere un pezzo unico prodotto in Italia solo per te.<\/p>\n","protected":false},"excerpt":{"rendered":"<p>Adele \u00e8 un blazer personalizzabile con vestibilit\u00e0 regolare. Nella lunghezza 90 cm pu\u00f2 essere utilizzato come un mini abito.<br \/>\nScegli i tuoi dettagli preferiti per avere un pezzo unico prodotto in Italia solo per te e adatto ad ogni occasione. [&#8230;]<\/p>\n<p><a class=\"btn btn-secondary understrap-read-more-link\" href=\"https:\/\/www.flomi.it\/it\/prodotto\/adele\/\">Leggi di pi\u00f9&#8230;<\/a><\/p>\n","protected":false},"featured_media":1683,"template":"","meta":[],"product_cat":[15,38],"product_tag":[],"acf":[],"_links":{"self":[{"href":"https:\/\/www.flomi.it\/it\/wp-json\/wp\/v2\/product\/1252\/"}],"collection":[{"href":"https:\/\/www.flomi.it\/it\/wp-json\/wp\/v2\/product\/"}],"about":[{"href":"https:\/\/www.flomi.it\/it\/wp-json\/wp\/v2\/types\/product\/"}],"wp:featuredmedia":[{"embeddable":true,"href":"https:\/\/www.flomi.it\/it\/wp-json\/wp\/v2\/media\/1683\/"}],"wp:attachment":[{"href":"https:\/\/www.flomi.it\/it\/wp-json\/wp\/v2\/media\/?parent=1252"}],"wp:term":[{"taxonomy":"product_cat","embeddable":true,"href":"https:\/\/www.flomi.it\/it\/wp-json\/wp\/v2\/product_cat\/?post=1252"},{"taxonomy":"product_tag","embeddable":true,"href":"https:\/\/www.flomi.it\/it\/wp-json\/wp\/v2\/product_tag\/?post=1252"}],"curies":[{"name":"wp","href":"https:\/\/api.w.org\/{rel}","templated":true}]}}