{"id":12535,"date":"2025-10-29T22:09:32","date_gmt":"2025-10-29T21:09:32","guid":{"rendered":"https:\/\/www.flomi.it\/?post_type=product&#038;p=12535"},"modified":"2026-04-10T15:21:54","modified_gmt":"2026-04-10T13:21:54","slug":"viky-heavy-cotton-2","status":"publish","type":"product","link":"https:\/\/www.flomi.it\/it\/prodotto\/viky-heavy-cotton-2\/","title":{"rendered":"Viky &#8211; heavy cotton"},"content":{"rendered":"","protected":false},"excerpt":{"rendered":"<p>Blazer lungo 70 cm, doppiopetto con 4 bottoni. Il rever \u00e8 arrotondato a scialle. Il blazer ha una vestibilit\u00e0 regolare, le pince aiutano a segnare il punto vita ma non \u00e8 troppo aderente.<br \/>\nRealizzato in 100% cotone strutturato. Ideale indossato sopra una camicia o una t-shirt, perfetto per tutti i giorni.<br \/>\nRealizzato per durare nel tempo, rimarr\u00e0 per anni un passepartout del tuo armadio.<\/p>\n<p>La nostra modella Irene \u00e8 alta 1,70 cm e indossa una taglia 40.<\/p>\n<p>Vorresti questo modello in un tessuto o colore differente scrivici a info@flomi.it, lo realizzeremo per te. [&#8230;]<\/p>\n<p><a class=\"btn btn-secondary understrap-read-more-link\" href=\"https:\/\/www.flomi.it\/it\/prodotto\/viky-heavy-cotton-2\/\">Leggi di pi\u00f9&#8230;<\/a><\/p>\n","protected":false},"featured_media":11913,"template":"","meta":[],"product_cat":[87],"product_tag":[],"acf":[],"_links":{"self":[{"href":"https:\/\/www.flomi.it\/it\/wp-json\/wp\/v2\/product\/12535\/"}],"collection":[{"href":"https:\/\/www.flomi.it\/it\/wp-json\/wp\/v2\/product\/"}],"about":[{"href":"https:\/\/www.flomi.it\/it\/wp-json\/wp\/v2\/types\/product\/"}],"wp:featuredmedia":[{"embeddable":true,"href":"https:\/\/www.flomi.it\/it\/wp-json\/wp\/v2\/media\/11913\/"}],"wp:attachment":[{"href":"https:\/\/www.flomi.it\/it\/wp-json\/wp\/v2\/media\/?parent=12535"}],"wp:term":[{"taxonomy":"product_cat","embeddable":true,"href":"https:\/\/www.flomi.it\/it\/wp-json\/wp\/v2\/product_cat\/?post=12535"},{"taxonomy":"product_tag","embeddable":true,"href":"https:\/\/www.flomi.it\/it\/wp-json\/wp\/v2\/product_tag\/?post=12535"}],"curies":[{"name":"wp","href":"https:\/\/api.w.org\/{rel}","templated":true}]}}